{"id":405,"date":"2021-10-01T20:17:11","date_gmt":"2021-10-01T20:17:11","guid":{"rendered":"https:\/\/gham.com.ar\/?page_id=405"},"modified":"2021-10-07T14:02:02","modified_gmt":"2021-10-07T14:02:02","slug":"medioambiente","status":"publish","type":"page","link":"https:\/\/gham.com.ar\/index.php\/medioambiente\/","title":{"rendered":"Medio Ambiente"},"content":{"rendered":"\t\t<div data-elementor-type=\"wp-page\" data-elementor-id=\"405\" class=\"elementor elementor-405\">\n\t\t\t\t\t\t<section class=\"elementor-section elementor-top-section elementor-element elementor-element-842aa26 elementor-section-boxed elementor-section-height-default elementor-section-height-default\" data-id=\"842aa26\" data-element_type=\"section\" data-e-type=\"section\">\n\t\t\t\t\t\t<div class=\"elementor-container elementor-column-gap-default\">\n\t\t\t\t\t<div class=\"elementor-column elementor-col-100 elementor-top-column elementor-element elementor-element-efa2cf6\" data-id=\"efa2cf6\" data-element_type=\"column\" data-e-type=\"column\">\n\t\t\t<div class=\"elementor-widget-wrap\">\n\t\t\t\t\t\t\t<\/div>\n\t\t<\/div>\n\t\t\t\t\t<\/div>\n\t\t<\/section>\n\t\t\t\t<section class=\"elementor-section elementor-top-section elementor-element elementor-element-5f93e28 elementor-section-full_width elementor-section-height-min-height elementor-section-stretched elementor-section-height-default elementor-section-items-middle\" data-id=\"5f93e28\" data-element_type=\"section\" data-e-type=\"section\" data-settings=\"{&quot;stretch_section&quot;:&quot;section-stretched&quot;,&quot;animation&quot;:&quot;none&quot;}\">\n\t\t\t\t\t\t\t<div class=\"elementor-background-overlay\"><\/div>\n\t\t\t\t\t\t\t<div class=\"elementor-container elementor-column-gap-no\">\n\t\t\t\t\t<div class=\"elementor-column elementor-col-100 elementor-top-column elementor-element elementor-element-b2f9fa3\" data-id=\"b2f9fa3\" data-element_type=\"column\" data-e-type=\"column\">\n\t\t\t<div class=\"elementor-widget-wrap elementor-element-populated\">\n\t\t\t\t\t\t<div class=\"elementor-element elementor-element-8ad474c elementor-absolute elementor-invisible elementor-widget elementor-widget-heading\" data-id=\"8ad474c\" data-element_type=\"widget\" data-e-type=\"widget\" data-settings=\"{&quot;_animation&quot;:&quot;slideInRight&quot;,&quot;_position&quot;:&quot;absolute&quot;}\" data-widget_type=\"heading.default\">\n\t\t\t\t<div class=\"elementor-widget-container\">\n\t\t\t\t\t<h2 class=\"elementor-heading-title elementor-size-xxl\">MEDIO AMBIENTE<\/h2>\t\t\t\t<\/div>\n\t\t\t\t<\/div>\n\t\t\t\t\t<\/div>\n\t\t<\/div>\n\t\t\t\t\t<\/div>\n\t\t<\/section>\n\t\t\t\t<section class=\"elementor-section elementor-top-section elementor-element elementor-element-97dac3f elementor-section-boxed elementor-section-height-default elementor-section-height-default\" data-id=\"97dac3f\" data-element_type=\"section\" data-e-type=\"section\">\n\t\t\t\t\t\t<div class=\"elementor-container elementor-column-gap-default\">\n\t\t\t\t\t<div class=\"elementor-column elementor-col-100 elementor-top-column elementor-element elementor-element-9e156a9\" data-id=\"9e156a9\" data-element_type=\"column\" data-e-type=\"column\">\n\t\t\t<div class=\"elementor-widget-wrap elementor-element-populated\">\n\t\t\t\t\t\t<div class=\"elementor-element elementor-element-a3e50ca elementor-widget elementor-widget-spacer\" data-id=\"a3e50ca\" data-element_type=\"widget\" data-e-type=\"widget\" data-widget_type=\"spacer.default\">\n\t\t\t\t<div class=\"elementor-widget-container\">\n\t\t\t\t\t\t\t<div class=\"elementor-spacer\">\n\t\t\t<div class=\"elementor-spacer-inner\"><\/div>\n\t\t<\/div>\n\t\t\t\t\t\t<\/div>\n\t\t\t\t<\/div>\n\t\t\t\t<div class=\"elementor-element elementor-element-88b7090 elementor-widget elementor-widget-heading\" data-id=\"88b7090\" data-element_type=\"widget\" data-e-type=\"widget\" data-widget_type=\"heading.default\">\n\t\t\t\t<div class=\"elementor-widget-container\">\n\t\t\t\t\t<h2 class=\"elementor-heading-title elementor-size-default\">Conciencia y responsabilidad respecto del cuidado y protecci\u00f3n del medio ambiente.<\/h2>\t\t\t\t<\/div>\n\t\t\t\t<\/div>\n\t\t\t\t\t<\/div>\n\t\t<\/div>\n\t\t\t\t\t<\/div>\n\t\t<\/section>\n\t\t\t\t<section class=\"elementor-section elementor-top-section elementor-element elementor-element-82ef161 elementor-section-boxed elementor-section-height-default elementor-section-height-default\" data-id=\"82ef161\" data-element_type=\"section\" data-e-type=\"section\">\n\t\t\t\t\t\t<div class=\"elementor-container elementor-column-gap-custom\">\n\t\t\t\t\t<div class=\"elementor-column elementor-col-100 elementor-top-column elementor-element elementor-element-4c82a02\" data-id=\"4c82a02\" data-element_type=\"column\" data-e-type=\"column\">\n\t\t\t<div class=\"elementor-widget-wrap elementor-element-populated\">\n\t\t\t\t\t\t<div class=\"elementor-element elementor-element-e2e32a5 elementor-invisible elementor-widget elementor-widget-text-editor\" data-id=\"e2e32a5\" data-element_type=\"widget\" data-e-type=\"widget\" data-settings=\"{&quot;_animation&quot;:&quot;slideInRight&quot;}\" data-widget_type=\"text-editor.default\">\n\t\t\t\t<div class=\"elementor-widget-container\">\n\t\t\t\t\t\t\t\t\t<h2><span style=\"color: #000000;\"><img decoding=\"async\" draggable=\"false\" role=\"img\" class=\"emoji\" alt=\"\u26ab\" src=\"https:\/\/s.w.org\/images\/core\/emoji\/13.1.0\/svg\/26ab.svg\"><\/span> Cumplir con toda la legislaci\u00f3n y normativa ambiental aplicable y con los compromisos ambientales suscriptos.<\/h2>\n<h2><img decoding=\"async\" draggable=\"false\" role=\"img\" class=\"emoji\" alt=\"\u26ab\" src=\"https:\/\/s.w.org\/images\/core\/emoji\/13.1.0\/svg\/26ab.svg\"> Considerar la gesti\u00f3n ambiental como una de las principales prioridades empresarias.<\/h2>\n<h2><img decoding=\"async\" class=\"emoji\" role=\"img\" draggable=\"false\" src=\"https:\/\/s.w.org\/images\/core\/emoji\/13.1.0\/svg\/26ab.svg\" alt=\"\u26ab\"> Prevenir y asegurar que las emisiones y descargas al aire, agua y suelo, generadas por nuestras actividades, sean compatibles con los requisitos<\/h2>\n<h2><img decoding=\"async\" draggable=\"false\" role=\"img\" class=\"emoji\" alt=\"\u26ab\" src=\"https:\/\/s.w.org\/images\/core\/emoji\/13.1.0\/svg\/26ab.svg\"> Efectuar la obra haciendo un uso racional de la energ\u00eda.<\/h2>\n<h2><img decoding=\"async\" draggable=\"false\" role=\"img\" class=\"emoji\" alt=\"\u26ab\" src=\"https:\/\/s.w.org\/images\/core\/emoji\/13.1.0\/svg\/26ab.svg\"> Motivar y capacitar al personal respecto del cuidado del medio ambiente.<\/h2>\n<h2><img decoding=\"async\" draggable=\"false\" role=\"img\" class=\"emoji\" alt=\"\u26ab\" src=\"https:\/\/s.w.org\/images\/core\/emoji\/13.1.0\/svg\/26ab.svg\"> Evaluar los impactos ambientales de la obra.<\/h2>\n<h2><img decoding=\"async\" draggable=\"false\" role=\"img\" class=\"emoji\" alt=\"\u26ab\" src=\"https:\/\/s.w.org\/images\/core\/emoji\/13.1.0\/svg\/26ab.svg\"> Fijar objetivos y metas ambientales, considerando esta pol\u00edtica, la legislaci\u00f3n aplicable, los impactos ambientales significativos y las inquietudes de las partes involucradas directamente con la obra, que conduzcan a un mejoramiento del desempe\u00f1o ambiental.<\/h2>\n<h2><img decoding=\"async\" draggable=\"false\" role=\"img\" class=\"emoji\" alt=\"\u26ab\" src=\"https:\/\/s.w.org\/images\/core\/emoji\/13.1.0\/svg\/26ab.svg\"> Evaluar peri\u00f3dicamente durante el per\u00edodo de construcci\u00f3n, el desempe\u00f1o ambiental de la empresa y el cumplimiento de esta pol\u00edtica y los objetivos ambientales.<\/h2>\t\t\t\t\t\t\t\t<\/div>\n\t\t\t\t<\/div>\n\t\t\t\t\t<\/div>\n\t\t<\/div>\n\t\t\t\t\t<\/div>\n\t\t<\/section>\n\t\t\t\t<section class=\"elementor-section elementor-top-section elementor-element elementor-element-3f99c51 elementor-section-boxed elementor-section-height-default elementor-section-height-default\" data-id=\"3f99c51\" data-element_type=\"section\" data-e-type=\"section\">\n\t\t\t\t\t\t<div class=\"elementor-container elementor-column-gap-default\">\n\t\t\t\t\t<div class=\"elementor-column elementor-col-100 elementor-top-column elementor-element elementor-element-e4ab730\" data-id=\"e4ab730\" data-element_type=\"column\" data-e-type=\"column\">\n\t\t\t<div class=\"elementor-widget-wrap\">\n\t\t\t\t\t\t\t<\/div>\n\t\t<\/div>\n\t\t\t\t\t<\/div>\n\t\t<\/section>\n\t\t\t\t<section class=\"elementor-section elementor-top-section elementor-element elementor-element-a2e6485 elementor-section-full_width elementor-section-stretched elementor-section-height-default elementor-section-height-default elementor-invisible\" data-id=\"a2e6485\" data-element_type=\"section\" data-e-type=\"section\" data-settings=\"{&quot;stretch_section&quot;:&quot;section-stretched&quot;,&quot;animation&quot;:&quot;fadeInUp&quot;}\">\n\t\t\t\t\t\t<div class=\"elementor-container elementor-column-gap-no\">\n\t\t\t\t\t<div class=\"elementor-column elementor-col-100 elementor-top-column elementor-element elementor-element-1d841ba\" data-id=\"1d841ba\" data-element_type=\"column\" data-e-type=\"column\" data-settings=\"{&quot;background_background&quot;:&quot;classic&quot;}\">\n\t\t\t<div class=\"elementor-widget-wrap elementor-element-populated\">\n\t\t\t\t\t<div class=\"elementor-background-overlay\"><\/div>\n\t\t\t\t\t\t<div class=\"elementor-element elementor-element-792dd58 animated-slow elementor-widget__width-inherit elementor-invisible elementor-widget elementor-widget-image\" data-id=\"792dd58\" data-element_type=\"widget\" data-e-type=\"widget\" data-settings=\"{&quot;_animation&quot;:&quot;fadeIn&quot;}\" data-widget_type=\"image.default\">\n\t\t\t\t<div class=\"elementor-widget-container\">\n\t\t\t\t\t\t\t\t\t\t\t\t\t\t\t<img fetchpriority=\"high\" decoding=\"async\" width=\"1080\" height=\"717\" src=\"https:\/\/gham.com.ar\/wp-content\/uploads\/2021\/10\/bosque.jpg\" class=\"attachment-2048x2048 size-2048x2048 wp-image-431\" alt=\"\" srcset=\"https:\/\/gham.com.ar\/wp-content\/uploads\/2021\/10\/bosque.jpg 1080w, https:\/\/gham.com.ar\/wp-content\/uploads\/2021\/10\/bosque-300x199.jpg 300w, https:\/\/gham.com.ar\/wp-content\/uploads\/2021\/10\/bosque-1024x680.jpg 1024w, https:\/\/gham.com.ar\/wp-content\/uploads\/2021\/10\/bosque-768x510.jpg 768w, https:\/\/gham.com.ar\/wp-content\/uploads\/2021\/10\/bosque-272x182.jpg 272w\" sizes=\"(max-width: 1080px) 100vw, 1080px\" \/>\t\t\t\t\t\t\t\t\t\t\t\t\t\t\t<\/div>\n\t\t\t\t<\/div>\n\t\t\t\t\t<\/div>\n\t\t<\/div>\n\t\t\t\t\t<\/div>\n\t\t<\/section>\n\t\t\t\t<section class=\"elementor-section elementor-top-section elementor-element elementor-element-165d28e elementor-section-boxed elementor-section-height-default elementor-section-height-default\" data-id=\"165d28e\" data-element_type=\"section\" data-e-type=\"section\">\n\t\t\t\t\t\t<div class=\"elementor-container elementor-column-gap-default\">\n\t\t\t\t\t<div class=\"elementor-column elementor-col-100 elementor-top-column elementor-element elementor-element-bdea17a\" data-id=\"bdea17a\" data-element_type=\"column\" data-e-type=\"column\">\n\t\t\t<div class=\"elementor-widget-wrap\">\n\t\t\t\t\t\t\t<\/div>\n\t\t<\/div>\n\t\t\t\t\t<\/div>\n\t\t<\/section>\n\t\t\t\t<section class=\"elementor-section elementor-top-section elementor-element elementor-element-4919020 elementor-section-boxed elementor-section-height-default elementor-section-height-default\" data-id=\"4919020\" data-element_type=\"section\" data-e-type=\"section\">\n\t\t\t\t\t\t<div class=\"elementor-container elementor-column-gap-default\">\n\t\t\t\t\t<div class=\"elementor-column elementor-col-100 elementor-top-column elementor-element elementor-element-85bf407\" data-id=\"85bf407\" data-element_type=\"column\" data-e-type=\"column\">\n\t\t\t<div class=\"elementor-widget-wrap elementor-element-populated\">\n\t\t\t\t\t\t<div class=\"elementor-element elementor-element-5672e13 elementor-widget elementor-widget-text-editor\" data-id=\"5672e13\" data-element_type=\"widget\" data-e-type=\"widget\" data-widget_type=\"text-editor.default\">\n\t\t\t\t<div class=\"elementor-widget-container\">\n\t\t\t\t\t\t\t\t\t<h3 style=\"text-align: center;\"><strong>\u00a0<\/strong><\/h3><h3 style=\"text-align: center;\"><strong>\u00a0<\/strong><\/h3><h3 style=\"text-align: center;\"><strong>Gham Desarrollos S.R.L.\u00a0<\/strong>\u00a0| 4504-1867\/4989\u00a0 | <a href=\"mailto:info@gham.com.ar\">info@gham.com.ar<\/a> | Av.Gral Paz 6914 \u2013 Villa Devoto (1419)<\/h3>\t\t\t\t\t\t\t\t<\/div>\n\t\t\t\t<\/div>\n\t\t\t\t\t<\/div>\n\t\t<\/div>\n\t\t\t\t\t<\/div>\n\t\t<\/section>\n\t\t\t\t<section class=\"elementor-section elementor-top-section elementor-element elementor-element-191aab6 elementor-section-boxed elementor-section-height-default elementor-section-height-default\" data-id=\"191aab6\" data-element_type=\"section\" data-e-type=\"section\">\n\t\t\t\t\t\t<div class=\"elementor-container elementor-column-gap-default\">\n\t\t\t\t\t<div class=\"elementor-column elementor-col-100 elementor-top-column elementor-element elementor-element-2f3617a\" data-id=\"2f3617a\" data-element_type=\"column\" data-e-type=\"column\">\n\t\t\t<div class=\"elementor-widget-wrap\">\n\t\t\t\t\t\t\t<\/div>\n\t\t<\/div>\n\t\t\t\t\t<\/div>\n\t\t<\/section>\n\t\t\t\t<\/div>\n\t\t","protected":false},"excerpt":{"rendered":"<p>MEDIO AMBIENTE Conciencia y responsabilidad respecto del cuidado y protecci\u00f3n del medio ambiente. Cumplir con toda la legislaci\u00f3n y normativa ambiental aplicable y con los compromisos ambientales suscriptos. Considerar la gesti\u00f3n ambiental como una de las principales prioridades empresarias. Prevenir y asegurar que las emisiones y descargas al aire, agua y suelo, generadas por nuestras [&hellip;]<\/p>\n","protected":false},"author":1,"featured_media":0,"parent":0,"menu_order":0,"comment_status":"closed","ping_status":"closed","template":"elementor_header_footer","meta":{"footnotes":""},"class_list":["post-405","page","type-page","status-publish","hentry","post"],"_links":{"self":[{"href":"https:\/\/gham.com.ar\/index.php\/wp-json\/wp\/v2\/pages\/405","targetHints":{"allow":["GET"]}}],"collection":[{"href":"https:\/\/gham.com.ar\/index.php\/wp-json\/wp\/v2\/pages"}],"about":[{"href":"https:\/\/gham.com.ar\/index.php\/wp-json\/wp\/v2\/types\/page"}],"author":[{"embeddable":true,"href":"https:\/\/gham.com.ar\/index.php\/wp-json\/wp\/v2\/users\/1"}],"replies":[{"embeddable":true,"href":"https:\/\/gham.com.ar\/index.php\/wp-json\/wp\/v2\/comments?post=405"}],"version-history":[{"count":32,"href":"https:\/\/gham.com.ar\/index.php\/wp-json\/wp\/v2\/pages\/405\/revisions"}],"predecessor-version":[{"id":636,"href":"https:\/\/gham.com.ar\/index.php\/wp-json\/wp\/v2\/pages\/405\/revisions\/636"}],"wp:attachment":[{"href":"https:\/\/gham.com.ar\/index.php\/wp-json\/wp\/v2\/media?parent=405"}],"curies":[{"name":"wp","href":"https:\/\/api.w.org\/{rel}","templated":true}]}}