{"id":109,"date":"2021-09-22T12:29:22","date_gmt":"2021-09-22T12:29:22","guid":{"rendered":"https:\/\/gham.com.ar\/?page_id=109"},"modified":"2021-10-21T15:03:27","modified_gmt":"2021-10-21T15:03:27","slug":"empresa","status":"publish","type":"page","link":"https:\/\/gham.com.ar\/index.php\/empresa\/","title":{"rendered":"Empresa"},"content":{"rendered":"\t\t<div data-elementor-type=\"wp-page\" data-elementor-id=\"109\" class=\"elementor elementor-109\">\n\t\t\t\t\t\t<section class=\"elementor-section elementor-top-section elementor-element elementor-element-247000a elementor-section-full_width elementor-section-height-min-height elementor-section-stretched elementor-section-height-default elementor-section-items-middle\" data-id=\"247000a\" data-element_type=\"section\" data-e-type=\"section\" data-settings=\"{&quot;stretch_section&quot;:&quot;section-stretched&quot;}\">\n\t\t\t\t\t\t\t<div class=\"elementor-background-overlay\"><\/div>\n\t\t\t\t\t\t\t<div class=\"elementor-container elementor-column-gap-no\">\n\t\t\t\t\t<div class=\"elementor-column elementor-col-100 elementor-top-column elementor-element elementor-element-691affd\" data-id=\"691affd\" data-element_type=\"column\" data-e-type=\"column\">\n\t\t\t<div class=\"elementor-widget-wrap elementor-element-populated\">\n\t\t\t\t\t\t<div class=\"elementor-element elementor-element-a6a39c3 elementor-absolute elementor-invisible elementor-widget elementor-widget-heading\" data-id=\"a6a39c3\" data-element_type=\"widget\" data-e-type=\"widget\" data-settings=\"{&quot;_animation&quot;:&quot;slideInRight&quot;,&quot;_position&quot;:&quot;absolute&quot;}\" data-widget_type=\"heading.default\">\n\t\t\t\t<div class=\"elementor-widget-container\">\n\t\t\t\t\t<h2 class=\"elementor-heading-title elementor-size-xxl\">EMPRESA<\/h2>\t\t\t\t<\/div>\n\t\t\t\t<\/div>\n\t\t\t\t\t<\/div>\n\t\t<\/div>\n\t\t\t\t\t<\/div>\n\t\t<\/section>\n\t\t\t\t<section class=\"elementor-section elementor-top-section elementor-element elementor-element-094c94e elementor-section-boxed elementor-section-height-default elementor-section-height-default\" data-id=\"094c94e\" data-element_type=\"section\" data-e-type=\"section\">\n\t\t\t\t\t\t<div class=\"elementor-container elementor-column-gap-default\">\n\t\t\t\t\t<div class=\"elementor-column elementor-col-100 elementor-top-column elementor-element elementor-element-4852dff\" data-id=\"4852dff\" data-element_type=\"column\" data-e-type=\"column\">\n\t\t\t<div class=\"elementor-widget-wrap elementor-element-populated\">\n\t\t\t\t\t\t<div class=\"elementor-element elementor-element-f536815 elementor-widget elementor-widget-spacer\" data-id=\"f536815\" data-element_type=\"widget\" data-e-type=\"widget\" data-widget_type=\"spacer.default\">\n\t\t\t\t<div class=\"elementor-widget-container\">\n\t\t\t\t\t\t\t<div class=\"elementor-spacer\">\n\t\t\t<div class=\"elementor-spacer-inner\"><\/div>\n\t\t<\/div>\n\t\t\t\t\t\t<\/div>\n\t\t\t\t<\/div>\n\t\t\t\t<div class=\"elementor-element elementor-element-f78f93c elementor-invisible elementor-widget elementor-widget-text-editor\" data-id=\"f78f93c\" data-element_type=\"widget\" data-e-type=\"widget\" data-settings=\"{&quot;_animation&quot;:&quot;slideInRight&quot;}\" data-widget_type=\"text-editor.default\">\n\t\t\t\t<div class=\"elementor-widget-container\">\n\t\t\t\t\t\t\t\t\t<h2><span style=\"font-family: 'Baloo Bhaina 2'; font-size: 22px; font-style: normal; font-weight: 400; color: var( --e-global-color-text );\">Somos una empresa joven que se dedica a la construcci\u00f3n edilicia multifamiliar.<\/span><\/h2>\n<div><span style=\"font-family: 'Baloo Bhaina 2'; font-size: 22px; font-style: normal; font-weight: 400; color: var( --e-global-color-text );\"><br><\/span><\/div>\n<h2><span style=\"font-family: 'Baloo Bhaina 2'; font-size: 22px; font-style: normal; font-weight: 400; color: var( --e-global-color-text );\">Contamos con un equipo de Ingenieros, Arquitectos y Dise\u00f1adores de vanguardia, comprometidos a obtener el m\u00e1ximo aprovechamiento de los recursos en cada una de nuestras obras, cumpliendo y brindando soluciones en forma r\u00e1pida, creativa y eficaz.<\/span><\/h2>\n<h2><span style=\"color: #ffffff;\">.<\/span><\/h2>\n<p><\/p>\n<h2>Nuestro personal altamente calificado y con una amplia experiencia en el \u00e1rea, se desempe\u00f1a con responsabilidad y profesionalismo para lograr nuestros proyectos con la m\u00e1s alta calidad.<\/h2>\n<h2><span style=\"color: #ffffff;\">.<\/span><\/h2>\n<h2><span style=\"font-family: &quot;Baloo Bhaina 2&quot;; font-size: 22px; font-style: normal; font-weight: 400; color: var( --e-global-color-text );\">Creemos que el trabajo bien hecho se logra estando atentos a las nuevas necesidades del mercado, adelant\u00e1ndose a los tiempos;&nbsp;<\/span>sumado al conocimiento y experiencia, logrando obras que combinan sobriedad y estilo con las innovaciones propias de este nuevo milenio.&nbsp;<\/h2>\n<div><br><\/div>\n<h2><br><\/h2>\n<h2>El objetivo final de nuestra empresa es lograr imponer nuestra marca distintiva y ser reconocidos dentro del mercado, no s\u00f3lo por la precisi\u00f3n y alta calidad de nuestras obras, sino por la modernidad y originalidad que aportamos a cada uno de nuestros trabajos.<\/h2>\n<div>Es.<\/div>\t\t\t\t\t\t\t\t<\/div>\n\t\t\t\t<\/div>\n\t\t\t\t\t<\/div>\n\t\t<\/div>\n\t\t\t\t\t<\/div>\n\t\t<\/section>\n\t\t\t\t<section class=\"elementor-section elementor-top-section elementor-element elementor-element-5f26e3a elementor-section-full_width elementor-section-stretched elementor-section-height-default elementor-section-height-default elementor-invisible\" data-id=\"5f26e3a\" data-element_type=\"section\" data-e-type=\"section\" data-settings=\"{&quot;stretch_section&quot;:&quot;section-stretched&quot;,&quot;animation&quot;:&quot;fadeInUp&quot;}\">\n\t\t\t\t\t\t<div class=\"elementor-container elementor-column-gap-no\">\n\t\t\t\t\t<div class=\"elementor-column elementor-col-100 elementor-top-column elementor-element elementor-element-5973dcd\" data-id=\"5973dcd\" data-element_type=\"column\" data-e-type=\"column\" data-settings=\"{&quot;background_background&quot;:&quot;classic&quot;}\">\n\t\t\t<div class=\"elementor-widget-wrap elementor-element-populated\">\n\t\t\t\t\t<div class=\"elementor-background-overlay\"><\/div>\n\t\t\t\t\t\t<div class=\"elementor-element elementor-element-48e660b elementor-widget elementor-widget-spacer\" data-id=\"48e660b\" data-element_type=\"widget\" data-e-type=\"widget\" data-widget_type=\"spacer.default\">\n\t\t\t\t<div class=\"elementor-widget-container\">\n\t\t\t\t\t\t\t<div class=\"elementor-spacer\">\n\t\t\t<div class=\"elementor-spacer-inner\"><\/div>\n\t\t<\/div>\n\t\t\t\t\t\t<\/div>\n\t\t\t\t<\/div>\n\t\t\t\t<div class=\"elementor-element elementor-element-d81a51b animated-slow elementor-widget__width-inherit elementor-invisible elementor-widget elementor-widget-image\" data-id=\"d81a51b\" data-element_type=\"widget\" data-e-type=\"widget\" data-settings=\"{&quot;_animation&quot;:&quot;fadeIn&quot;}\" data-widget_type=\"image.default\">\n\t\t\t\t<div class=\"elementor-widget-container\">\n\t\t\t\t\t\t\t\t\t\t\t\t\t\t\t<img fetchpriority=\"high\" decoding=\"async\" width=\"2560\" height=\"524\" src=\"https:\/\/gham.com.ar\/wp-content\/uploads\/2021\/09\/back_empresa-scaled.jpg\" class=\"attachment-full size-full wp-image-158\" alt=\"\" srcset=\"https:\/\/gham.com.ar\/wp-content\/uploads\/2021\/09\/back_empresa-scaled.jpg 2560w, https:\/\/gham.com.ar\/wp-content\/uploads\/2021\/09\/back_empresa-300x61.jpg 300w, https:\/\/gham.com.ar\/wp-content\/uploads\/2021\/09\/back_empresa-1024x209.jpg 1024w, https:\/\/gham.com.ar\/wp-content\/uploads\/2021\/09\/back_empresa-768x157.jpg 768w, https:\/\/gham.com.ar\/wp-content\/uploads\/2021\/09\/back_empresa-1536x314.jpg 1536w, https:\/\/gham.com.ar\/wp-content\/uploads\/2021\/09\/back_empresa-2048x419.jpg 2048w\" sizes=\"(max-width: 2560px) 100vw, 2560px\" \/>\t\t\t\t\t\t\t\t\t\t\t\t\t\t\t<\/div>\n\t\t\t\t<\/div>\n\t\t\t\t\t<\/div>\n\t\t<\/div>\n\t\t\t\t\t<\/div>\n\t\t<\/section>\n\t\t\t\t<section class=\"elementor-section elementor-top-section elementor-element elementor-element-af6d519 elementor-section-boxed elementor-section-height-default elementor-section-height-default\" data-id=\"af6d519\" data-element_type=\"section\" data-e-type=\"section\">\n\t\t\t\t\t\t<div class=\"elementor-container elementor-column-gap-default\">\n\t\t\t\t\t<div class=\"elementor-column elementor-col-100 elementor-top-column elementor-element elementor-element-0a651e2\" data-id=\"0a651e2\" data-element_type=\"column\" data-e-type=\"column\">\n\t\t\t<div class=\"elementor-widget-wrap elementor-element-populated\">\n\t\t\t\t\t\t<div class=\"elementor-element elementor-element-eb54e89 elementor-widget elementor-widget-text-editor\" data-id=\"eb54e89\" data-element_type=\"widget\" data-e-type=\"widget\" data-widget_type=\"text-editor.default\">\n\t\t\t\t<div class=\"elementor-widget-container\">\n\t\t\t\t\t\t\t\t\t<h3 style=\"text-align: center;\"><strong>\u00a0<\/strong><\/h3><h3 style=\"text-align: center;\"><strong>\u00a0<\/strong><\/h3><h3 style=\"text-align: center;\"><strong>Gham Desarrollos S.R.L.\u00a0<\/strong>\u00a0| 4504-1867\/4989\u00a0 | <a href=\"mailto:info@gham.com.ar\">info@gham.com.ar<\/a> | Av.Gral Paz 6914 \u2013 Villa Devoto (1419)<\/h3>\t\t\t\t\t\t\t\t<\/div>\n\t\t\t\t<\/div>\n\t\t\t\t\t<\/div>\n\t\t<\/div>\n\t\t\t\t\t<\/div>\n\t\t<\/section>\n\t\t\t\t<\/div>\n\t\t","protected":false},"excerpt":{"rendered":"<p>EMPRESA Somos una empresa joven que se dedica a la construcci\u00f3n edilicia multifamiliar. Contamos con un equipo de Ingenieros, Arquitectos y Dise\u00f1adores de vanguardia, comprometidos a obtener el m\u00e1ximo aprovechamiento de los recursos en cada una de nuestras obras, cumpliendo y brindando soluciones en forma r\u00e1pida, creativa y eficaz. . Nuestro personal altamente calificado y [&hellip;]<\/p>\n","protected":false},"author":1,"featured_media":0,"parent":0,"menu_order":0,"comment_status":"closed","ping_status":"closed","template":"elementor_header_footer","meta":{"footnotes":""},"class_list":["post-109","page","type-page","status-publish","hentry","post"],"_links":{"self":[{"href":"https:\/\/gham.com.ar\/index.php\/wp-json\/wp\/v2\/pages\/109","targetHints":{"allow":["GET"]}}],"collection":[{"href":"https:\/\/gham.com.ar\/index.php\/wp-json\/wp\/v2\/pages"}],"about":[{"href":"https:\/\/gham.com.ar\/index.php\/wp-json\/wp\/v2\/types\/page"}],"author":[{"embeddable":true,"href":"https:\/\/gham.com.ar\/index.php\/wp-json\/wp\/v2\/users\/1"}],"replies":[{"embeddable":true,"href":"https:\/\/gham.com.ar\/index.php\/wp-json\/wp\/v2\/comments?post=109"}],"version-history":[{"count":100,"href":"https:\/\/gham.com.ar\/index.php\/wp-json\/wp\/v2\/pages\/109\/revisions"}],"predecessor-version":[{"id":655,"href":"https:\/\/gham.com.ar\/index.php\/wp-json\/wp\/v2\/pages\/109\/revisions\/655"}],"wp:attachment":[{"href":"https:\/\/gham.com.ar\/index.php\/wp-json\/wp\/v2\/media?parent=109"}],"curies":[{"name":"wp","href":"https:\/\/api.w.org\/{rel}","templated":true}]}}